
{"id":1643,"date":"2026-02-15T11:10:11","date_gmt":"2026-02-15T11:10:11","guid":{"rendered":"https:\/\/academiainfancia.com\/?post_type=product&#038;p=1643"},"modified":"2026-03-27T06:05:18","modified_gmt":"2026-03-27T06:05:18","slug":"montessori-para-profissionais","status":"publish","type":"product","link":"https:\/\/academiainfancia.com\/en\/os-nossos-cursos\/montessori\/montessori-para-profissionais\/","title":{"rendered":"Montessori para Profissionais"},"content":{"rendered":"","protected":false},"excerpt":{"rendered":"<p>O curso\u00a0Montessori para Profissionais\u00a0constitui um percurso formativo completo destinado a educadores e outros profissionais da \u00e1rea da inf\u00e2ncia que pretendam <strong>aprofundar a pedagogia Montessori<\/strong>. Ao longo do programa, s\u00e3o explorados os fundamentos te\u00f3ricos, a organiza\u00e7\u00e3o dos ambientes, as necessidades do desenvolvimento infantil nas diferentes idades e as compet\u00eancias essenciais do adulto preparado.<\/p>\n<p>Com enfoque na aplica\u00e7\u00e3o pr\u00e1tica, na observa\u00e7\u00e3o consciente e no trabalho colaborativo, a forma\u00e7\u00e3o apoia a constru\u00e7\u00e3o de uma mentalidade alinhada com os princ\u00edpios Montessori e a defini\u00e7\u00e3o de <strong>estrat\u00e9gias concretas<\/strong> para a sua implementa\u00e7\u00e3o em contexto educativo.<\/p>","protected":false},"featured_media":1651,"comment_status":"open","ping_status":"closed","template":"","meta":[],"product_brand":[],"product_cat":[37],"product_tag":[],"class_list":{"0":"post-1643","1":"product","2":"type-product","3":"status-publish","4":"has-post-thumbnail","6":"product_cat-montessori","8":"first","9":"instock","10":"virtual","11":"sold-individually","12":"taxable","13":"purchasable","14":"product-type-simple"},"_links":{"self":[{"href":"https:\/\/academiainfancia.com\/en\/wp-json\/wp\/v2\/product\/1643","targetHints":{"allow":["GET"]}}],"collection":[{"href":"https:\/\/academiainfancia.com\/en\/wp-json\/wp\/v2\/product"}],"about":[{"href":"https:\/\/academiainfancia.com\/en\/wp-json\/wp\/v2\/types\/product"}],"replies":[{"embeddable":true,"href":"https:\/\/academiainfancia.com\/en\/wp-json\/wp\/v2\/comments?post=1643"}],"wp:featuredmedia":[{"embeddable":true,"href":"https:\/\/academiainfancia.com\/en\/wp-json\/wp\/v2\/media\/1651"}],"wp:attachment":[{"href":"https:\/\/academiainfancia.com\/en\/wp-json\/wp\/v2\/media?parent=1643"}],"wp:term":[{"taxonomy":"product_brand","embeddable":true,"href":"https:\/\/academiainfancia.com\/en\/wp-json\/wp\/v2\/product_brand?post=1643"},{"taxonomy":"product_cat","embeddable":true,"href":"https:\/\/academiainfancia.com\/en\/wp-json\/wp\/v2\/product_cat?post=1643"},{"taxonomy":"product_tag","embeddable":true,"href":"https:\/\/academiainfancia.com\/en\/wp-json\/wp\/v2\/product_tag?post=1643"}],"curies":[{"name":"wp","href":"https:\/\/api.w.org\/{rel}","templated":true}]}}