
{"id":1641,"date":"2026-02-15T11:08:25","date_gmt":"2026-02-15T11:08:25","guid":{"rendered":"https:\/\/academiainfancia.com\/?post_type=product&#038;p=1641"},"modified":"2026-03-27T06:05:04","modified_gmt":"2026-03-27T06:05:04","slug":"montessori-para-pais","status":"publish","type":"product","link":"https:\/\/academiainfancia.com\/en\/os-nossos-cursos\/montessori\/montessori-para-pais\/","title":{"rendered":"Montessori para Pais"},"content":{"rendered":"","protected":false},"excerpt":{"rendered":"<p>O curso\u00a0Montessori para Pais\u00a0proporciona uma abordagem estruturada e pr\u00e1tica da pedagogia Montessori aplicada ao <strong>ambiente familiar<\/strong>. A forma\u00e7\u00e3o aborda princ\u00edpios essenciais como liberdade com limites, gra\u00e7a e cortesia, autonomia e responsabilidade, bem como orienta\u00e7\u00f5es para organizar os diferentes espa\u00e7os da casa de <strong>forma simples, acess\u00edvel e funcional<\/strong>.<\/p>\n<p>Inclui ainda estrat\u00e9gias para o quotidiano, rotinas di\u00e1rias, atividades Montessori e gest\u00e3o de erros como oportunidades de aprendizagem, constituindo um recurso valioso para cuidadores que pretendem promover o desenvolvimento harmonioso da crian\u00e7a.<\/p>","protected":false},"featured_media":1652,"comment_status":"open","ping_status":"closed","template":"","meta":[],"product_brand":[],"product_cat":[37],"product_tag":[],"class_list":{"0":"post-1641","1":"product","2":"type-product","3":"status-publish","4":"has-post-thumbnail","6":"product_cat-montessori","8":"first","9":"instock","10":"virtual","11":"sold-individually","12":"taxable","13":"purchasable","14":"product-type-simple"},"_links":{"self":[{"href":"https:\/\/academiainfancia.com\/en\/wp-json\/wp\/v2\/product\/1641","targetHints":{"allow":["GET"]}}],"collection":[{"href":"https:\/\/academiainfancia.com\/en\/wp-json\/wp\/v2\/product"}],"about":[{"href":"https:\/\/academiainfancia.com\/en\/wp-json\/wp\/v2\/types\/product"}],"replies":[{"embeddable":true,"href":"https:\/\/academiainfancia.com\/en\/wp-json\/wp\/v2\/comments?post=1641"}],"wp:featuredmedia":[{"embeddable":true,"href":"https:\/\/academiainfancia.com\/en\/wp-json\/wp\/v2\/media\/1652"}],"wp:attachment":[{"href":"https:\/\/academiainfancia.com\/en\/wp-json\/wp\/v2\/media?parent=1641"}],"wp:term":[{"taxonomy":"product_brand","embeddable":true,"href":"https:\/\/academiainfancia.com\/en\/wp-json\/wp\/v2\/product_brand?post=1641"},{"taxonomy":"product_cat","embeddable":true,"href":"https:\/\/academiainfancia.com\/en\/wp-json\/wp\/v2\/product_cat?post=1641"},{"taxonomy":"product_tag","embeddable":true,"href":"https:\/\/academiainfancia.com\/en\/wp-json\/wp\/v2\/product_tag?post=1641"}],"curies":[{"name":"wp","href":"https:\/\/api.w.org\/{rel}","templated":true}]}}