
{"id":1639,"date":"2026-02-15T11:02:50","date_gmt":"2026-02-15T11:02:50","guid":{"rendered":"https:\/\/academiainfancia.com\/?post_type=product&#038;p=1639"},"modified":"2026-03-27T06:04:41","modified_gmt":"2026-03-27T06:04:41","slug":"introducao-ao-metodo-montessori","status":"publish","type":"product","link":"https:\/\/academiainfancia.com\/en\/os-nossos-cursos\/montessori\/introducao-ao-metodo-montessori\/","title":{"rendered":"Introdu\u00e7\u00e3o ao M\u00e9todo Montessori"},"content":{"rendered":"","protected":false},"excerpt":{"rendered":"<p>Este curso foi concebido para proporcionar uma vis\u00e3o abrangente da pedagogia Montessori, explorando os seus fundamentos cient\u00edficos, a sua criadora e os princ\u00edpios que orientam a pr\u00e1tica educativa. Atrav\u00e9s de m\u00f3dulos dedicados \u00e0 vis\u00e3o da crian\u00e7a, ao ambiente preparado e ao papel do adulto, a forma\u00e7\u00e3o contribui para o desenvolvimento de uma abordagem mais consciente e respeitadora da inf\u00e2ncia. Disponibilizado em formato gravado, com acesso durante seis meses, destina-se a todos os que desejam aprofundar conhecimentos e qualificar a sua interven\u00e7\u00e3o junto de crian\u00e7as.<\/p>","protected":false},"featured_media":1653,"comment_status":"open","ping_status":"closed","template":"","meta":[],"product_brand":[],"product_cat":[37],"product_tag":[],"class_list":{"0":"post-1639","1":"product","2":"type-product","3":"status-publish","4":"has-post-thumbnail","6":"product_cat-montessori","8":"first","9":"instock","10":"virtual","11":"sold-individually","12":"taxable","13":"purchasable","14":"product-type-simple"},"_links":{"self":[{"href":"https:\/\/academiainfancia.com\/en\/wp-json\/wp\/v2\/product\/1639","targetHints":{"allow":["GET"]}}],"collection":[{"href":"https:\/\/academiainfancia.com\/en\/wp-json\/wp\/v2\/product"}],"about":[{"href":"https:\/\/academiainfancia.com\/en\/wp-json\/wp\/v2\/types\/product"}],"replies":[{"embeddable":true,"href":"https:\/\/academiainfancia.com\/en\/wp-json\/wp\/v2\/comments?post=1639"}],"wp:featuredmedia":[{"embeddable":true,"href":"https:\/\/academiainfancia.com\/en\/wp-json\/wp\/v2\/media\/1653"}],"wp:attachment":[{"href":"https:\/\/academiainfancia.com\/en\/wp-json\/wp\/v2\/media?parent=1639"}],"wp:term":[{"taxonomy":"product_brand","embeddable":true,"href":"https:\/\/academiainfancia.com\/en\/wp-json\/wp\/v2\/product_brand?post=1639"},{"taxonomy":"product_cat","embeddable":true,"href":"https:\/\/academiainfancia.com\/en\/wp-json\/wp\/v2\/product_cat?post=1639"},{"taxonomy":"product_tag","embeddable":true,"href":"https:\/\/academiainfancia.com\/en\/wp-json\/wp\/v2\/product_tag?post=1639"}],"curies":[{"name":"wp","href":"https:\/\/api.w.org\/{rel}","templated":true}]}}